{"id":7,"date":"2020-10-19T18:03:39","date_gmt":"2020-10-19T18:03:39","guid":{"rendered":"http:\/\/verbumsacrum.pl\/?page_id=7"},"modified":"2026-03-29T11:34:05","modified_gmt":"2026-03-29T11:34:05","slug":"czlonkowie","status":"publish","type":"page","link":"https:\/\/verbumsacrum.pl\/?page_id=7","title":{"rendered":"Cz\u0142onkowie"},"content":{"rendered":"\n<p><strong>Zarz\u0105d: <\/strong><\/p>\n\n\n\n<p>ks. prof. dr hab. Miros\u0142aw Stanis\u0142aw Wr\u00f3bel (<em>prezes<\/em>)<br>ks. dr hab. Adam Kubi\u015b, prof. KUL (<em>wiceprezes<\/em>) <br>ks. prof. dr hab. Stefan Szymik MSF (<em>sekretarz<\/em>)<br>ks. dr Krzysztof Napora SCJ (<em>skarbnik<\/em>)<\/p>\n\n\n\n<hr class=\"wp-block-separator has-css-opacity\"\/>\n\n\n\n<p><strong>Komisja rewizyjna:<\/strong><\/p>\n\n\n\n<p>ks. prof. dr hab. Dariusz Dziadosz<br>prof. dr hab. Krzysztof Mielcarek <br>ks. dr hab. Andrzej Piwowar, prof. KUL<\/p>\n\n\n\n<hr class=\"wp-block-separator has-css-opacity\"\/>\n\n\n\n<p><strong>Cz\u0142onkowie zwyczajni:<\/strong><\/p>\n\n\n\n<p>ks. Tomasz B\u0105k<br>ks. Henryk Drawnel SDB<br>ks. Dariusz Dziadosz<br>ks. Krzysztof Kinowski<br>ks. Piotr Kot<br>ks. Marcin Kowalski<br>ks. Adam Kubi\u015b<br>Krzysztof Mielcarek<br>ks. Krzysztof Napora SCJ<br>ks. Andrzej Piwowar<br>ks. Stefan Szymik MSF<br>ks. Antoni Tronina<br>ks. Henryk Witczyk<br>ks. Miros\u0142aw Wr\u00f3bel<br>ks. Arnold Zawadzki<br>ks. Marcin Zieli\u0144ski<\/p>\n\n\n\n<hr class=\"wp-block-separator has-alpha-channel-opacity\"\/>\n\n\n\n<p><strong>Cz\u0142onkowie honorowi: <\/strong><br>ks. Jan Bielaszewski<br>abp Stanis\u0142aw Budzik <br>ks. Miros\u0142aw Kalinowski <br>ks. Przemys\u0142aw Kantyka<br><br><strong>Cz\u0142onkowie wspieraj\u0105cy:<\/strong><br>ks. Marcin Biegas<br>ks. Mariusz Szmajdzi\u0144ski<br><br><strong>Zmarli cz\u0142onkowie:<\/strong><br>ks. Hubert Ordon SDS (+13.03.2025)<\/p>\n","protected":false},"excerpt":{"rendered":"<p class=\"excerpt\">Zarz\u0105d: ks. prof. dr hab. Miros\u0142aw Stanis\u0142aw Wr\u00f3bel (prezes)ks. dr hab. Adam Kubi\u015b, prof. KUL (wiceprezes) ks. prof. dr hab. Stefan Szymik MSF (sekretarz)ks. dr Krzysztof Napora SCJ (skarbnik) Komisja rewizyjna: ks. prof. dr hab. Dariusz Dziadoszprof. dr hab. Krzysztof Mielcarek ks. dr hab. Andrzej Piwowar, prof. KUL Cz\u0142onkowie zwyczajni: ks. Tomasz B\u0105kks. Henryk Drawnel SDBks. Dariusz Dziadoszks. Krzysztof Kinowskiks.&hellip;<\/p>\n<p class=\"more-link-p\"><a class=\"btn btn-default\" href=\"https:\/\/verbumsacrum.pl\/?page_id=7\">Read more<\/a><\/p>\n","protected":false},"author":1,"featured_media":0,"parent":0,"menu_order":0,"comment_status":"closed","ping_status":"closed","template":"","meta":{"footnotes":""},"class_list":["post-7","page","type-page","status-publish","hentry"],"_links":{"self":[{"href":"https:\/\/verbumsacrum.pl\/index.php?rest_route=\/wp\/v2\/pages\/7","targetHints":{"allow":["GET"]}}],"collection":[{"href":"https:\/\/verbumsacrum.pl\/index.php?rest_route=\/wp\/v2\/pages"}],"about":[{"href":"https:\/\/verbumsacrum.pl\/index.php?rest_route=\/wp\/v2\/types\/page"}],"author":[{"embeddable":true,"href":"https:\/\/verbumsacrum.pl\/index.php?rest_route=\/wp\/v2\/users\/1"}],"replies":[{"embeddable":true,"href":"https:\/\/verbumsacrum.pl\/index.php?rest_route=%2Fwp%2Fv2%2Fcomments&post=7"}],"version-history":[{"count":24,"href":"https:\/\/verbumsacrum.pl\/index.php?rest_route=\/wp\/v2\/pages\/7\/revisions"}],"predecessor-version":[{"id":574,"href":"https:\/\/verbumsacrum.pl\/index.php?rest_route=\/wp\/v2\/pages\/7\/revisions\/574"}],"wp:attachment":[{"href":"https:\/\/verbumsacrum.pl\/index.php?rest_route=%2Fwp%2Fv2%2Fmedia&parent=7"}],"curies":[{"name":"wp","href":"https:\/\/api.w.org\/{rel}","templated":true}]}}