{"id":11,"date":"2020-10-19T18:04:07","date_gmt":"2020-10-19T18:04:07","guid":{"rendered":"http:\/\/verbumsacrum.pl\/?page_id=11"},"modified":"2026-03-29T14:26:12","modified_gmt":"2026-03-29T14:26:12","slug":"biblia-lubelska","status":"publish","type":"page","link":"https:\/\/verbumsacrum.pl\/?page_id=11","title":{"rendered":"Biblia Lubelska"},"content":{"rendered":"\n<p><strong>Biblia Lubelska<\/strong>&nbsp;jest przek\u0142adem Pisma \u015awi\u0119tego z j\u0119zyk\u00f3w oryginalnych dokonywanym w \u015brodowisku szko\u0142y biblijnej&nbsp;Katolickiego Uniwersytetu Lubelskiego Jana Paw\u0142a II. Od roku 1991 do 2016 ukaza\u0142o si\u0119 25 zeszyt\u00f3w, a w latach 2021-25 nast\u0119pnych jedena\u015bcie, sk\u0142adaj\u0105cych si\u0119 na kolejne komentarze do ksi\u0105g Biblii. W sumie opublikowano 17 tom\u00f3w dla NT oraz 19 dla ST. Do 2025 r. przet\u0142umaczono i skomentowano 23 ksi\u0119gi ST, czyli 50% ST oraz 24 ksi\u0119gi NT (89%). W NT brakuje jedynie trzech&nbsp;<em>List\u00f3w Janowych<\/em>. Pierwszymi redaktorami byli&nbsp;<strong><a href=\"https:\/\/pl.wikipedia.org\/wiki\/Lech_Stachowiak\" target=\"_blank\" rel=\"noreferrer noopener\">Lech Stachowiak<\/a><\/strong>&nbsp;(ST) oraz&nbsp;<strong><a href=\"https:\/\/pl.wikipedia.org\/wiki\/J%C3%B3zef_Kudasiewicz\" target=\"_blank\" rel=\"noreferrer noopener\">J\u00f3zef Kudasiewicz<\/a><\/strong>&nbsp;(NT), a kolejnymi&nbsp;<strong><a href=\"https:\/\/pl.wikipedia.org\/wiki\/Antoni_Tronina\" target=\"_blank\" rel=\"noreferrer noopener\">Antoni Tronina<\/a><\/strong>&nbsp;(ST) oraz&nbsp;<strong><a href=\"https:\/\/pl.wikipedia.org\/wiki\/Antoni_Paciorek\" target=\"_blank\" rel=\"noreferrer noopener\">Antoni Paciorek<\/a><\/strong>&nbsp;(NT). W 2020 r. redaktorem serii przek\u0142ad\u00f3w i komentarzy Biblii Lubelskiej zosta\u0142 <strong><a href=\"https:\/\/www.kul.pl\/ks-dr-hab-adam-kubis,art_40104.html\" target=\"_blank\" rel=\"noreferrer noopener\">Adam Kubi\u015b<\/a><\/strong>.<\/p>\n\n\n\n<p>Cz\u0119\u015b\u0107 przek\u0142ad\u00f3w wywodzi si\u0119 z tradycji komentarzy popularnie zwanych&nbsp;\u201e<strong><a href=\"https:\/\/pl.wikipedia.org\/wiki\/Pismo_%C5%9Awi%C4%99te_Starego_i_Nowego_Testamentu_%E2%80%93_komentarze_KUL\" target=\"_blank\" rel=\"noreferrer noopener\">Komentarzami KUL-owskimi<\/a><\/strong>\u201d, czyli naukowych edycji Starego i&nbsp;Nowego Testamentu ukazuj\u0105cych si\u0119 od 1958 do 2020 r. nak\u0142adem wydawnictwa Pallottinum.<\/p>\n\n\n\n<p>Poszczeg\u00f3lne zeszyty <strong>Biblii Lubelskiej<\/strong> zawieraj\u0105 informacje wst\u0119pne o ksi\u0119dze (np. autor, czas i miejsce powstania, tekst, kanoniczno\u015b\u0107, struktura, t\u0142o historyczno-kulturowe, teologia), t\u0142umaczenie (zwykle jednej, dw\u00f3ch lub trzech ksi\u0105g), referencje do biblijnych tekst\u00f3w paralelnych, komentarz \u2013 eksponowany r\u00f3wnolegle z tekstem biblijnym. Niekt\u00f3re tomy zawieraj\u0105 tak\u017ce przedmow\u0119, ekskursy tematyczne i bibliografi\u0119. Zamierzeniem autor\u00f3w jest, aby profil komentarzy Biblii lubelskiej pozosta\u0142 popularnonaukowy.<\/p>\n\n\n\n<p>Inicjatorem powstania Biblii Lubelskiej by\u0142 rektor KUL, <a href=\"https:\/\/pl.wikipedia.org\/wiki\/Mieczys%C5%82aw_Albert_Kr%C4%85piec\" target=\"_blank\" rel=\"noreferrer noopener\">o. <strong>Mieczys\u0142aw Albert Maria Kr\u0105piec<\/strong> <strong>OP<\/strong><\/a>, zainspirowany sukcesem\u00a0<a href=\"https:\/\/pl.wikipedia.org\/wiki\/Biblia_jerozolimska\" target=\"_blank\" rel=\"noreferrer noopener\"><em><em lang=\"fr\">La Bible de J\u00e9rusalem<\/em><\/em> (Biblii Jerozolimskiej)<\/a> wydawanej przez dominika\u0144sk\u0105 szko\u0142\u0119 biblijn\u0105 z Jerozolimy (<a href=\"https:\/\/pl.wikipedia.org\/wiki\/Francuska_Szko%C5%82a_Biblijna_i_Archeologiczna_w_Jerozolimie\" target=\"_blank\" rel=\"noreferrer noopener\">\u00c9cole biblique et arch\u00e9ologique fran\u00e7aise de J\u00e9rusalem)<\/a>. Jako pierwszy tom Biblii Lubelskiej ukaza\u0142 si\u0119 przek\u0142ad i komentarz do Ksi\u0119gi Izajasza autorstwa Lecha Stachowiaka. Nak\u0142ad wynosi\u0142 10 tys. egzemplarzy. Do sk\u0142adu zeszyt oddano w sierpniu 1988 r., a druk uko\u0144czono w kwietniu 1991 r. Imprimatur, wydane przez bp. Ryszarda Karpi\u0144skiego, \u00f3wczesnego wikariusza generalnego diecezji lubelskiej, tom otrzyma\u0142 12 X 1990. Komentarz do Ewangelii Mateusza doczeka\u0142 si\u0119 dw\u00f3ch wyda\u0144: pierwszego w 1995 r. (nak\u0142ad 5000 egz.) i drugiego w 2004 r.<\/p>\n\n\n\n<p>Dotychczas ukaza\u0142o si\u0119 36 tom\u00f3w przek\u0142adu i komentarza Biblii Lubelskiej. Spo\u015br\u00f3d ksi\u0105g\u00a0Nowego Testamentu\u00a0prze\u0142o\u017cono Ewangelie, Dzieje Apostolskie, listy \u015bw. Paw\u0142a, listy katolickie oraz Apokalips\u0119 \u015bw. Jana. Po\u015br\u00f3d komentarzy do NT brakuje jedynie przek\u0142adu i obja\u015bnienia List\u00f3w Janowych. Prze\u0142o\u017cono te\u017c du\u017c\u0105 cz\u0119\u015b\u0107 ksi\u0105g\u00a0Starego Testamentu. Spis wydanych tom\u00f3w znajduje si\u0119 poni\u017cej. Dost\u0119p do wersji PDF mo\u017cliwy jest poprzez kolekcj\u0119 &#8222;Biblia Lubelska&#8221; znajduj\u0105c\u0105 si\u0119 w <strong>Bibliotece Cyfrowej KUL<\/strong>: <a href=\"https:\/\/dlibra.kul.pl\/dlibra\/collectiondescription\/382\" target=\"_blank\" rel=\"noreferrer noopener\">TUTAJ<\/a>.<\/p>\n\n\n\n<p><p style=\"text-align:justify;\"><strong>Stary Testament<\/strong><\/p><\/p>\n\n\n\n<ol class=\"wp-block-list\">\n<li><strong><em>Ksi\u0119ga Kap\u0142a\u0144ska<\/em><\/strong> (Antoni Tronina, 2021) (<a href=\"https:\/\/dlibra.kul.pl\/dlibra\/publication\/77636\/edition\/69543\" target=\"_blank\" rel=\"noreferrer noopener\"><strong>PDF<\/strong><\/a>)<\/li>\n\n\n\n<li><strong><em>Ksi\u0119ga Powt\u00f3rzonego Prawa<\/em><\/strong> (Janusz Lema\u0144ski, 2022) (<a href=\"https:\/\/dlibra.kul.pl\/dlibra\/publication\/77600\/edition\/69514\" target=\"_blank\" rel=\"noreferrer noopener\"><strong>PDF<\/strong><\/a>)<\/li>\n\n\n\n<li><strong><em>Pierwsza i Druga Ksi\u0119gi Kronik<\/em><\/strong> (Hugolin Langkammer, 2001) (<a href=\"https:\/\/dlibra.kul.pl\/dlibra\/publication\/77378\/edition\/69168\" target=\"_blank\" rel=\"noreferrer noopener\"><strong>PDF<\/strong><\/a>)<\/li>\n\n\n\n<li><strong><em>Ezdrasza i Nehemiasza<\/em><\/strong> (Hugolin Langkammer, 2000) (<a href=\"https:\/\/dlibra.kul.pl\/dlibra\/publication\/77599\/edition\/69512\" target=\"_blank\" rel=\"noreferrer noopener\"><strong>PDF<\/strong><\/a>)<\/li>\n\n\n\n<li><strong><em>Ksi\u0119ga Tobiasza, Ksi\u0119ga Judyty, Ksi\u0119ga Estery<\/em><\/strong> (Antoni Tronina, 2001) (<a href=\"https:\/\/dlibra.kul.pl\/dlibra\/publication\/77646\/edition\/69564\" target=\"_blank\" rel=\"noreferrer noopener\"><strong>PDF<\/strong><\/a>)<\/li>\n\n\n\n<li><strong><em>Pierwsza i Druga Ksi\u0119ga Machabejska<\/em><\/strong> (J\u00f3zef Homerski, 2001) (<a href=\"https:\/\/dlibra.kul.pl\/dlibra\/publication\/77374\/edition\/69165\" target=\"_blank\" rel=\"noreferrer noopener\"><strong>PDF<\/strong><\/a>)<\/li>\n\n\n\n<li><strong><em>Ksi\u0119ga Hioba<\/em><\/strong> (Antoni Tronina, 2021) (<a href=\"https:\/\/dlibra.kul.pl\/dlibra\/publication\/77633\/edition\/69540\" target=\"_blank\" rel=\"noreferrer noopener\"><strong>PDF<\/strong><\/a>)<\/li>\n\n\n\n<li><em><strong>Ksi\u0119ga Psalm\u00f3w<\/strong> <\/em>(Antoni Tronina, 2021) (<a href=\"https:\/\/dlibra.kul.pl\/dlibra\/publication\/77650\/edition\/69567\" target=\"_blank\" rel=\"noreferrer noopener\"><strong>PDF<\/strong><\/a>)<\/li>\n\n\n\n<li><em><strong>Pie\u015bni nad Pie\u015bniami<\/strong><\/em>&nbsp;(Krzysztof Bardski, 2024)&nbsp;(<a href=\"https:\/\/dlibra.kul.pl\/dlibra\/publication\/79251\/edition\/71039\" target=\"_blank\" rel=\"noreferrer noopener\"><strong>PDF<\/strong><\/a>)<\/li>\n\n\n\n<li><strong><em>Ksi\u0119ga M\u0105dro\u015bci<\/em><\/strong> (Marcin Zieli\u0144ski, 2023) (<a href=\"https:\/\/dlibra.kul.pl\/dlibra\/publication\/78155\/edition\/69925\"><strong>PDF<\/strong><\/a>)<\/li>\n\n\n\n<li><strong><em>Ksi\u0119ga Syracha&nbsp;<\/em><\/strong>(Andrzej Piwowar, 2024) (<a href=\"https:\/\/dlibra.kul.pl\/dlibra\/publication\/83674\/edition\/74346\" target=\"_blank\" rel=\"noreferrer noopener\"><strong>PDF<\/strong><\/a>)<\/li>\n\n\n\n<li><strong><em>Ksi\u0119ga Izajasza<\/em><\/strong> (Lech Stachowiak, 1991) (<a href=\"https:\/\/dlibra.kul.pl\/dlibra\/publication\/77606\/edition\/69520\" target=\"_blank\" rel=\"noreferrer noopener\"><strong>PDF<\/strong><\/a>)<\/li>\n\n\n\n<li><strong><em>Ksi\u0119ga Jeremiasza<\/em><\/strong> (Lech Stachowiak, 1997) (<a href=\"https:\/\/dlibra.kul.pl\/dlibra\/publication\/77629\/edition\/69536\" target=\"_blank\" rel=\"noreferrer noopener\"><strong>PDF<\/strong><\/a>)<\/li>\n\n\n\n<li><em><strong>Ksi\u0119ga Lamentacji&nbsp;<\/strong><\/em>(Cezary Korzec, 2025)<\/li>\n\n\n\n<li><strong><em>Ksi\u0119ga Ezechiela<\/em><\/strong> (J\u00f3zef Homerski, 1998) (<a href=\"https:\/\/dlibra.kul.pl\/dlibra\/publication\/77373\/edition\/69164\" target=\"_blank\" rel=\"noreferrer noopener\"><strong>PDF<\/strong><\/a>)<\/li>\n\n\n\n<li><strong><em>Ksi\u0119ga Daniela<\/em><\/strong> (J\u00f3zef Homerski, 1995) (<a href=\"https:\/\/dlibra.kul.pl\/dlibra\/publication\/77372\/edition\/69161\" target=\"_blank\" rel=\"noreferrer noopener\"><strong>PDF<\/strong><\/a>)<\/li>\n\n\n\n<li><strong><em>Ksi\u0119ga Jonasza<\/em><\/strong> (Piotr Jaworski, 2022) (<a href=\"https:\/\/dlibra.kul.pl\/dlibra\/publication\/77377\/edition\/69167\" target=\"_blank\" rel=\"noreferrer noopener\"><strong>PDF<\/strong><\/a>)<\/li>\n\n\n\n<li><strong><em>Ksi\u0119ga Habakuka<\/em> <\/strong>(Krystian Malec, 2023) (<a href=\"https:\/\/dlibra.kul.pl\/dlibra\/publication\/78134\/edition\/69877\"><strong>PDF<\/strong><\/a>)<\/li>\n\n\n\n<li><strong><em>Ksi\u0119ga Malachiasza<\/em> <\/strong>(Piotr Jaworski, 2023) (<a href=\"https:\/\/dlibra.kul.pl\/dlibra\/publication\/78133\/edition\/69873\"><strong>PDF<\/strong><\/a>)<\/li>\n<\/ol>\n\n\n\n<p><strong>Nowy Testament<\/strong><\/p>\n\n\n\n<p>20. <strong><em>Ewangelia wed\u0142ug \u015bw. Mateusza <\/em><\/strong>(J\u00f3zef Homerski, 1995, 2 wyd. 2004) (<a href=\"https:\/\/dlibra.kul.pl\/dlibra\/publication\/78157\/edition\/70001\"><strong>PDF<\/strong><\/a>)<br>21. <em><strong>Ewangelia wed\u0142ug \u015bw. Marka<\/strong><\/em> (Hugolin Langkammer, 1997, 2 wyd. 2004) (<a href=\"https:\/\/dlibra.kul.pl\/dlibra\/publication\/78165\/edition\/70049\"><strong>PDF<\/strong><\/a>)<br>22. <em><strong>Ewangelia wed\u0142ug \u015bw. \u0141ukasza <\/strong><\/em>(Hugolin Langkammer, 2005) (<a href=\"https:\/\/dlibra.kul.pl\/dlibra\/publication\/78166\/edition\/70050\"><strong>PDF<\/strong><\/a>)<br>23. <em><strong>Ewangelia wed\u0142ug \u015bw. Jana<\/strong> <\/em>(Antoni Paciorek, 2000) (<a href=\"https:\/\/dlibra.kul.pl\/dlibra\/publication\/78160\/edition\/70004\"><strong>PDF<\/strong><\/a>)<br>24. <em><strong>Dzieje Apostolskie <\/strong><\/em>(Hugolin Langkammer, 2008) (<a href=\"https:\/\/dlibra.kul.pl\/dlibra\/publication\/78909\/edition\/70728\"><strong>PDF<\/strong><\/a>)<br>25. <em><strong>List do Rzymian <\/strong><\/em>(Hugolin Langkammer, 1999) (<a href=\"https:\/\/dlibra.kul.pl\/dlibra\/publication\/78159\/edition\/70003\"><strong>PDF<\/strong><\/a>)<br>26. <em><strong>Pierwszy i Drugi List do Koryntian<\/strong> <\/em>(Hugolin Langkammer, 1998) (<strong><a href=\"https:\/\/dlibra.kul.pl\/dlibra\/publication\/78915\/edition\/70738\">PDF<\/a><\/strong>)<br>27. <em><strong>List do Galat\u00f3w<\/strong> <\/em>(Hugolin Langkammer, 1999) (<a href=\"https:\/\/dlibra.kul.pl\/dlibra\/publication\/78158\/edition\/70002\"><strong>PDF<\/strong><\/a>)<br>28. <em><strong>List do Efezjan <\/strong><\/em>(Hugolin Langkammer, 2001) (<a href=\"https:\/\/dlibra.kul.pl\/dlibra\/publication\/78161\/edition\/70005\"><strong>PDF<\/strong><\/a>)<br>29. <em><strong>List do Filipian <\/strong><\/em>(Hugolin Langkammer, 2001) (<a href=\"https:\/\/dlibra.kul.pl\/dlibra\/publication\/78162\/edition\/70037https:\/\/dlibra.kul.pl\/dlibra\/publication\/78162\/edition\/70037\"><strong>PDF<\/strong><\/a>)<br>30. <em><strong>List do Kolosan <\/strong><\/em>(Antoni Tronina, Antoni Paciorek, 2002) (<a href=\"https:\/\/dlibra.kul.pl\/dlibra\/publication\/78163\/edition\/70038\"><strong>PDF<\/strong><\/a>)<br>31. <em><strong>Pierwszy i Drugi List do Tesaloniczan <\/strong><\/em>(Hugolin Langkammer, 2008) (<strong><a href=\"https:\/\/dlibra.kul.pl\/dlibra\/publication\/78910\/edition\/70729\">PDF<\/a><\/strong>)<br>32. <em><strong>List Pasterskie (1 Tm, 2 Tm, Tt) <\/strong><\/em>(Hugolin Langkammer, 2006) (<a href=\"https:\/\/dlibra.kul.pl\/dlibra\/publication\/78911\/edition\/70731\"><strong>PDF<\/strong><\/a>)<br>33. <em><strong>List do Filemona <\/strong><\/em>(Hugolin Langkammer, 2003) (<a href=\"https:\/\/dlibra.kul.pl\/dlibra\/publication\/78164\/edition\/70043\"><strong>PDF<\/strong><\/a>)<br>34. <strong><em>List do Hebrajczyk\u00f3w <\/em><\/strong>(Antoni Paciorek, 1998) (<strong><a href=\"https:\/\/dlibra.kul.pl\/dlibra\/publication\/78912\/edition\/70735\">PDF<\/a><\/strong>)<br>35. <em><strong>Listy Katolickie (Jk, 1 P, 2 P, Jud<\/strong><\/em><strong>) <\/strong>(Hugolin Langkammer, 2016) (<a href=\"https:\/\/dlibra.kul.pl\/dlibra\/publication\/78913\/edition\/70736\"><strong>PDF<\/strong><\/a>)<br>36. <em><strong>Apokalipsa <\/strong><\/em>(Huglin Langkammer, Jan Klinkowski, 2010) (<strong><a href=\"https:\/\/dlibra.kul.pl\/dlibra\/publication\/78914\/edition\/70737\">PDF<\/a><\/strong>)<\/p>\n\n\n\n<p><\/p>\n\n\n\n<p>Wi\u0119cej na temat <strong>Biblii Lubelskiej<\/strong> mo\u017cesz przeczyta\u0107 na <a href=\"https:\/\/biblialubelska.pl\/\" target=\"_blank\" rel=\"noreferrer noopener\"><strong>stronie oficjalnej<\/strong><\/a> oraz <a href=\"https:\/\/pl.wikipedia.org\/wiki\/Biblia_lubelska\" target=\"_blank\" rel=\"noreferrer noopener\"><strong>Wikipedii<\/strong><\/a>.<br>Mo\u017cliwo\u015b\u0107 zakupu w ksi\u0119garni internetowej <strong>Wydawnictwa KUL<\/strong>: <a href=\"https:\/\/wydawnictwo.kul.pl\/32-seria-biblia-lubelska\" target=\"_blank\" rel=\"noreferrer noopener\"><strong>TUTAJ<\/strong><\/a>.<br><\/p>\n","protected":false},"excerpt":{"rendered":"<p class=\"excerpt\">Biblia Lubelska&nbsp;jest przek\u0142adem Pisma \u015awi\u0119tego z j\u0119zyk\u00f3w oryginalnych dokonywanym w \u015brodowisku szko\u0142y biblijnej&nbsp;Katolickiego Uniwersytetu Lubelskiego Jana Paw\u0142a II. Od roku 1991 do 2016 ukaza\u0142o si\u0119 25 zeszyt\u00f3w, a w latach 2021-25 nast\u0119pnych jedena\u015bcie, sk\u0142adaj\u0105cych si\u0119 na kolejne komentarze do ksi\u0105g Biblii. W sumie opublikowano 17 tom\u00f3w dla NT oraz 19 dla ST. Do 2025 r. przet\u0142umaczono i skomentowano 23 ksi\u0119gi&hellip;<\/p>\n<p class=\"more-link-p\"><a class=\"btn btn-default\" href=\"https:\/\/verbumsacrum.pl\/?page_id=11\">Read more<\/a><\/p>\n","protected":false},"author":1,"featured_media":0,"parent":0,"menu_order":0,"comment_status":"closed","ping_status":"closed","template":"","meta":{"footnotes":""},"class_list":["post-11","page","type-page","status-publish","hentry"],"_links":{"self":[{"href":"https:\/\/verbumsacrum.pl\/index.php?rest_route=\/wp\/v2\/pages\/11","targetHints":{"allow":["GET"]}}],"collection":[{"href":"https:\/\/verbumsacrum.pl\/index.php?rest_route=\/wp\/v2\/pages"}],"about":[{"href":"https:\/\/verbumsacrum.pl\/index.php?rest_route=\/wp\/v2\/types\/page"}],"author":[{"embeddable":true,"href":"https:\/\/verbumsacrum.pl\/index.php?rest_route=\/wp\/v2\/users\/1"}],"replies":[{"embeddable":true,"href":"https:\/\/verbumsacrum.pl\/index.php?rest_route=%2Fwp%2Fv2%2Fcomments&post=11"}],"version-history":[{"count":80,"href":"https:\/\/verbumsacrum.pl\/index.php?rest_route=\/wp\/v2\/pages\/11\/revisions"}],"predecessor-version":[{"id":594,"href":"https:\/\/verbumsacrum.pl\/index.php?rest_route=\/wp\/v2\/pages\/11\/revisions\/594"}],"wp:attachment":[{"href":"https:\/\/verbumsacrum.pl\/index.php?rest_route=%2Fwp%2Fv2%2Fmedia&parent=11"}],"curies":[{"name":"wp","href":"https:\/\/api.w.org\/{rel}","templated":true}]}}